{"id":14109,"date":"2019-07-05T11:04:43","date_gmt":"2019-07-05T09:04:43","guid":{"rendered":"https:\/\/evenement.eklabul.com\/?page_id=14109"},"modified":"2021-02-05T18:09:44","modified_gmt":"2021-02-05T16:09:44","slug":"waouh-new-exclusivity","status":"publish","type":"page","link":"https:\/\/evenement.eklabul.com\/en\/artistic-performances\/waouh-new-exclusivity\/","title":{"rendered":"WAOUH !"},"content":{"rendered":"<div class=\"wpb-content-wrapper\"><p>[vc_row][vc_column width=&#8221;1\/2&#8243;][vc_column_text css_animation=&#8221;top-to-bottom&#8221; el_class=&#8221;yesjustify&#8221;]<\/p>\n<h2>Our artistic services that make you want to say WAHOU!<\/h2>\n<p>Are you looking to surprise your guests? Do you want a new service? Never before seen? Exclusive products? We have selected among our services the most atypical ones to allow you to offer your guests\/customers\/partners an exceptional evening!<\/p>\n<p>Select from these services those that will be most suitable for your event to make a lasting impression on your guests![\/vc_column_text][vc_column_text css_animation=&#8221;appear&#8221; css=&#8221;.vc_custom_1612541381419{margin-top: 45px !important;}&#8221;]        <div class=\"rplg\" itemscope=\"\" itemtype=\"http:\/\/schema.org\/LocalBusiness\" style=\"\"><div class=\"rplg-badge-cnt                                                             rplg-badge-hide        \"><div class=\"rplg-badge2\"                onclick=\"_rplg_popup('https:\/\/search.google.com\/local\/writereview?placeid=ChIJt8OUr27VzRIRMt26ximy8ks', 800, 600);return false;\"                data-provider=\"google\"            ><div class=\"rplg-badge2-border\"><\/div><meta itemprop=\"name\" content=\"EKLABUL\"><meta itemprop=\"image\" content=\"https:\/\/lh3.googleusercontent.com\/p\/AF1QipOW6x2kp166egRY6hfNDRvkAGtp8YiIGqJIcUc8=s1600-w300-h300\" name=\"EKLABUL\"\/><span itemprop=\"address\" itemscope itemtype=\"http:\/\/schema.org\/PostalAddress\"><meta itemprop=\"streetAddress\" content=\"2121 Chemin de Saint-Bernard\"\/><meta itemprop=\"addressLocality\" content=\"Vallauris\"\/><meta itemprop=\"addressRegion\" content=\"Alpes-Maritimes\"\/><meta itemprop=\"postalCode\" content=\"06220\"\/><meta itemprop=\"addressCountry\" content=\"France\"\/><\/span><meta itemprop=\"priceRange\" content=\"$$$\"\/><meta itemprop=\"telephone\" content=\"+33489024406\"\/><div class=\"rplg-badge2-btn rplg-badge2-clickable\"><svg xmlns=\"http:\/\/www.w3.org\/2000\/svg\" viewBox=\"0 0 512 512\" height=\"44\" width=\"44\"><g fill=\"none\" fill-rule=\"evenodd\"><path d=\"M482.56 261.36c0-16.73-1.5-32.83-4.29-48.27H256v91.29h127.01c-5.47 29.5-22.1 54.49-47.09 71.23v59.21h76.27c44.63-41.09 70.37-101.59 70.37-173.46z\" fill=\"#4285f4\"><\/path><path d=\"M256 492c63.72 0 117.14-21.13 156.19-57.18l-76.27-59.21c-21.13 14.16-48.17 22.53-79.92 22.53-61.47 0-113.49-41.51-132.05-97.3H45.1v61.15c38.83 77.13 118.64 130.01 210.9 130.01z\" fill=\"#34a853\"><\/path><path d=\"M123.95 300.84c-4.72-14.16-7.4-29.29-7.4-44.84s2.68-30.68 7.4-44.84V150.01H45.1C29.12 181.87 20 217.92 20 256c0 38.08 9.12 74.13 25.1 105.99l78.85-61.15z\" fill=\"#fbbc05\"><\/path><path d=\"M256 113.86c34.65 0 65.76 11.91 90.22 35.29l67.69-67.69C373.03 43.39 319.61 20 256 20c-92.25 0-172.07 52.89-210.9 130.01l78.85 61.15c18.56-55.78 70.59-97.3 132.05-97.3z\" fill=\"#ea4335\"><\/path><path d=\"M20 20h472v472H20V20z\"><\/path><\/g><\/svg><div class=\"rplg-badge2-score\"><div>Google Rating<\/div><span itemprop=\"aggregateRating\" itemscope=\"\" itemtype=\"http:\/\/schema.org\/AggregateRating\"><div class=\"rplg-biz-rating rplg-trim rplg-biz-google\"><span itemprop=\"ratingValue\">4.7<\/span><div class=\"rplg-stars\"><svg xmlns=\"http:\/\/www.w3.org\/2000\/svg\" version=\"1.1\" width=\"17\" height=\"17\" viewBox=\"0 0 1792 1792\"><path d=\"M1728 647q0 22-26 48l-363 354 86 500q1 7 1 20 0 21-10.5 35.5t-30.5 14.5q-19 0-40-12l-449-236-449 236q-22 12-40 12-21 0-31.5-14.5t-10.5-35.5q0-6 2-20l86-500-364-354q-25-27-25-48 0-37 56-46l502-73 225-455q19-41 49-41t49 41l225 455 502 73q56 9 56 46z\" fill=\"#e7711b\"><\/path><\/svg><svg xmlns=\"http:\/\/www.w3.org\/2000\/svg\" version=\"1.1\" width=\"17\" height=\"17\" viewBox=\"0 0 1792 1792\"><path d=\"M1728 647q0 22-26 48l-363 354 86 500q1 7 1 20 0 21-10.5 35.5t-30.5 14.5q-19 0-40-12l-449-236-449 236q-22 12-40 12-21 0-31.5-14.5t-10.5-35.5q0-6 2-20l86-500-364-354q-25-27-25-48 0-37 56-46l502-73 225-455q19-41 49-41t49 41l225 455 502 73q56 9 56 46z\" fill=\"#e7711b\"><\/path><\/svg><svg xmlns=\"http:\/\/www.w3.org\/2000\/svg\" version=\"1.1\" width=\"17\" height=\"17\" viewBox=\"0 0 1792 1792\"><path d=\"M1728 647q0 22-26 48l-363 354 86 500q1 7 1 20 0 21-10.5 35.5t-30.5 14.5q-19 0-40-12l-449-236-449 236q-22 12-40 12-21 0-31.5-14.5t-10.5-35.5q0-6 2-20l86-500-364-354q-25-27-25-48 0-37 56-46l502-73 225-455q19-41 49-41t49 41l225 455 502 73q56 9 56 46z\" fill=\"#e7711b\"><\/path><\/svg><svg xmlns=\"http:\/\/www.w3.org\/2000\/svg\" version=\"1.1\" width=\"17\" height=\"17\" viewBox=\"0 0 1792 1792\"><path d=\"M1728 647q0 22-26 48l-363 354 86 500q1 7 1 20 0 21-10.5 35.5t-30.5 14.5q-19 0-40-12l-449-236-449 236q-22 12-40 12-21 0-31.5-14.5t-10.5-35.5q0-6 2-20l86-500-364-354q-25-27-25-48 0-37 56-46l502-73 225-455q19-41 49-41t49 41l225 455 502 73q56 9 56 46z\" fill=\"#e7711b\"><\/path><\/svg><svg xmlns=\"http:\/\/www.w3.org\/2000\/svg\" version=\"1.1\" width=\"17\" height=\"17\" viewBox=\"0 0 1792 1792\"><path d=\"M1250 957l257-250-356-52-66-10-30-60-159-322v963l59 31 318 168-60-355-12-66zm452-262l-363 354 86 500q5 33-6 51.5t-34 18.5q-17 0-40-12l-449-236-449 236q-23 12-40 12-23 0-34-18.5t-6-51.5l86-500-364-354q-32-32-23-59.5t54-34.5l502-73 225-455q20-41 49-41 28 0 49 41l225 455 502 73q45 7 54 34.5t-24 59.5z\" fill=\"#e7711b\"><\/path><\/svg><\/div><\/div><div class=\"rplg-biz-based rplg-trim\"><span class=\"rplg-biz-based-text\">Based on <span itemprop=\"ratingCount\">50<\/span> reviews<\/span><meta itemprop=\"bestRating\" content=\"5\"\/><\/div><\/span><\/div><\/div><\/div><\/div><img decoding=\"async\" src=\"data:image\/gif;base64,R0lGODlhAQABAIAAAAAAAP\/\/\/yH5BAEAAAAALAAAAAABAAEAAAIBRAA7\" alt=\"\" onload=\"(function(el, data) { var t = setInterval(function () { if (window.rplg_init_badge_theme){ rplg_init_badge_theme(el, data); clearInterval(t); } }, 200); })(this.parentNode);\" style=\"display:none\" title=\"\"><\/div>        [\/vc_column_text][\/vc_column][vc_column width=&#8221;1\/2&#8243;][vc_images_carousel images=&#8221;10884,7842,10882,7845,8903,7847,12372,12382,8915,12380,10633,10613&#8243; img_size=&#8221;570&#8243; speed=&#8221;3500&#8243; autoplay=&#8221;yes&#8221; hide_pagination_control=&#8221;yes&#8221; wrap=&#8221;yes&#8221;][\/vc_column][\/vc_row][vc_row full_width=&#8221;stretch_row&#8221; parallax=&#8221;content-moving&#8221; css=&#8221;.vc_custom_1549883371659{margin-top: 30px !important;padding-top: 20px !important;background-color: #f7f7f7 !important;}&#8221;][vc_column][vc_column_text css_animation=&#8221;top-to-bottom&#8221;]<\/p>\n<h2 style=\"text-align: center;\">Discover our new &amp; exclusive artistic services<\/h2>\n<p>[\/vc_column_text]<div class=\"preloader\"><\/div> <div class=\"portfolio-preloader-wrapper\"> <div class=\"row\"> <div data-per-page=\"24\" data-portfolio-uid=\"a97123c\" class=\"portfolio columns-3 no-padding col-lg-12 col-md-12 col-sm-12 hover-default\" data-hover=\"default\" > <div class=\"\"> <div class=\"portfolio-set col-lg-12 col-md-12 col-sm-12 clearfix\"> <div class=\"portfolio-item aquatic-shows shows visual-shows waouh-en col-lg-4 col-md-4 col-sm-6 col-xs-6 post-300814 scalia_pf_item type-scalia_pf_item status-publish has-post-thumbnail hentry\" > <div class=\"wrap clearfix\"> <div class=\"image post-300814 scalia_pf_item type-scalia_pf_item status-publish has-post-thumbnail hentry\"> <div class=\"image-inner\"> <img decoding=\"async\" src=\"https:\/\/evenement.eklabul.com\/wp-content\/uploads\/2023\/09\/Only-a-dream-eklabul-evenements_44-scalia-portfolio-justified.jpg\" width=\"754\" height=\"500\" alt=\"ONLY A DREAM\" title=\"\"> <\/div> <div class=\"overlay\"> <a href=\"https:\/\/evenement.eklabul.com\/en\/portfolios\/circus-show-only-a-dream\/\" target=\"_self\" class=\"portolio-item-link self-link \"><\/a> <div class=\"links-wrapper\"> <div class=\"links\"> <a href=\"https:\/\/evenement.eklabul.com\/en\/portfolios\/circus-show-only-a-dream\/\" target=\"_self\" class=\"icon self-link \"><\/a> <div class=\"overlay-line\"><\/div> <\/div> <\/div> <\/div> <\/div> <div class=\"caption post-300814 scalia_pf_item type-scalia_pf_item status-publish has-post-thumbnail hentry\"> <div class=\"title\"> ONLY A DREAM <\/div> <div class=\"subtitle\"><p>Show : ONLY A DREAM<br \/>\nImmerse yourself in the spellbinding world of Only a Dream: a completely floating aquatic show!<\/p>\n<\/div> <\/div> <\/div> <\/div> <div class=\"portfolio-item artistic-concepts past-events waouh-en col-lg-4 col-md-4 col-sm-6 col-xs-6 post-16855 scalia_pf_item type-scalia_pf_item status-publish has-post-thumbnail hentry\" > <div class=\"wrap clearfix\"> <div class=\"image post-16855 scalia_pf_item type-scalia_pf_item status-publish has-post-thumbnail hentry\"> <div class=\"image-inner\"> <img decoding=\"async\" src=\"https:\/\/evenement.eklabul.com\/wp-content\/uploads\/2020\/08\/web-Num\u00e9ro-mirror_14-scalia-portfolio-justified.jpg\" width=\"754\" height=\"500\" alt=\"Mirror : Aerial acrobatics\" title=\"\"> <\/div> <div class=\"overlay\"> <a href=\"https:\/\/evenement.eklabul.com\/en\/portfolios\/mirror-aerial-acrobatics\/\" target=\"_self\" class=\"portolio-item-link self-link \"><\/a> <div class=\"links-wrapper\"> <div class=\"links\"> <a href=\"https:\/\/evenement.eklabul.com\/en\/portfolios\/mirror-aerial-acrobatics\/\" target=\"_self\" class=\"icon self-link \"><\/a> <div class=\"overlay-line\"><\/div> <\/div> <\/div> <\/div> <\/div> <div class=\"caption post-16855 scalia_pf_item type-scalia_pf_item status-publish has-post-thumbnail hentry\"> <div class=\"title\"> Mirror : Aerial acrobatics <\/div> <div class=\"subtitle\"><p>Nouveaut\u00e9 2020 : Mirror<\/p>\n<p>&#8220;Mirror&#8221;, un num\u00e9ro de port\u00e9s acrobatiques qui ne vous laissera pas de marbre.<\/p>\n<p>C&#8217;est l&#8217;histoire de deux personnes, chacun face \u00e0 sa propre image, qu&#8217;il n&#8217;accepte pas. Ensemble, en apprenant \u00e0 se faire confiance, ils vont petit \u00e0 petit se hisser vers le haut, pour enfin, retrouver leur amour propre.<\/p>\n<p>Dans cette nouvelle cr\u00e9ation, vous y d\u00e9couvrirez des figures acrobatiques de hautes qualit\u00e9s et des techniques dignes des meilleurs duos de port\u00e9s, combin\u00e9 \u00e0 cela d&#8217;une mise en sc\u00e8ne \u00e9pur\u00e9e.<\/p>\n<p>Eklabul est fier de vous pr\u00e9senter sa derni\u00e8re cr\u00e9ation.<\/p>\n<\/div> <\/div> <\/div> <\/div> <div class=\"portfolio-item aquatic-shows bubbles waouh-en col-lg-4 col-md-4 col-sm-6 col-xs-6 post-16143 scalia_pf_item type-scalia_pf_item status-publish has-post-thumbnail hentry\" > <div class=\"wrap clearfix\"> <div class=\"image post-16143 scalia_pf_item type-scalia_pf_item status-publish has-post-thumbnail hentry\"> <div class=\"image-inner\"> <img decoding=\"async\" src=\"https:\/\/evenement.eklabul.com\/wp-content\/uploads\/2023\/09\/Only-a-dream-eklabul-evenements_27-scalia-portfolio-justified.jpg\" width=\"754\" height=\"500\" alt=\"Floating Platform\" title=\"\"> <\/div> <div class=\"overlay\"> <a href=\"https:\/\/evenement.eklabul.com\/en\/portfolios\/floating-platform\/\" target=\"_self\" class=\"portolio-item-link self-link \"><\/a> <div class=\"links-wrapper\"> <div class=\"links\"> <a href=\"https:\/\/evenement.eklabul.com\/en\/portfolios\/floating-platform\/\" target=\"_self\" class=\"icon self-link \"><\/a> <div class=\"overlay-line\"><\/div> <\/div> <\/div> <\/div> <\/div> <div class=\"caption post-16143 scalia_pf_item type-scalia_pf_item status-publish has-post-thumbnail hentry\"> <div class=\"title\"> Floating Platform <\/div> <div class=\"subtitle\"><p>Our new inflatable platform will enable you to perform artistic acts in your swimming pool, at sea, on a lake, etc&#8230;<\/p>\n<\/div> <\/div> <\/div> <\/div> <div class=\"portfolio-item aquatic-shows bubbles waouh-en col-lg-4 col-md-4 col-sm-6 col-xs-6 post-16141 scalia_pf_item type-scalia_pf_item status-publish has-post-thumbnail hentry\" > <div class=\"wrap clearfix\"> <div class=\"image post-16141 scalia_pf_item type-scalia_pf_item status-publish has-post-thumbnail hentry\"> <div class=\"image-inner\"> <img decoding=\"async\" src=\"https:\/\/evenement.eklabul.com\/wp-content\/uploads\/2019\/09\/Fontaines-lumineuses-05-Eklabul-evenements-scalia-portfolio-justified.jpg\" width=\"754\" height=\"500\" alt=\"FLOATING LIGHT FOUNTAINS\" title=\"\"> <\/div> <div class=\"overlay\"> <a href=\"https:\/\/evenement.eklabul.com\/en\/portfolios\/floating-light-fountains\/\" target=\"_self\" class=\"portolio-item-link self-link \"><\/a> <div class=\"links-wrapper\"> <div class=\"links\"> <a href=\"https:\/\/evenement.eklabul.com\/en\/portfolios\/floating-light-fountains\/\" target=\"_self\" class=\"icon self-link \"><\/a> <div class=\"overlay-line\"><\/div> <\/div> <\/div> <\/div> <\/div> <div class=\"caption post-16141 scalia_pf_item type-scalia_pf_item status-publish has-post-thumbnail hentry\"> <div class=\"title\"> FLOATING LIGHT FOUNTAINS <\/div> <\/div> <\/div> <\/div> <div class=\"portfolio-item juggling waouh-en col-lg-4 col-md-4 col-sm-6 col-xs-6 post-14030 scalia_pf_item type-scalia_pf_item status-publish has-post-thumbnail hentry\" > <div class=\"wrap clearfix\"> <div class=\"image post-14030 scalia_pf_item type-scalia_pf_item status-publish has-post-thumbnail hentry\"> <div class=\"image-inner\"> <img decoding=\"async\" src=\"https:\/\/evenement.eklabul.com\/wp-content\/uploads\/2024\/09\/2406-LCTJ24-Wistifi-PTG_FSP-146-scalia-portfolio-justified.jpg\" width=\"754\" height=\"500\" alt=\"PIXEL PO\u00cf\" title=\"\"> <\/div> <div class=\"overlay\"> <a href=\"https:\/\/evenement.eklabul.com\/en\/portfolios\/pixel-poi\/\" target=\"_self\" class=\"portolio-item-link self-link \"><\/a> <div class=\"links-wrapper\"> <div class=\"links\"> <a href=\"https:\/\/evenement.eklabul.com\/en\/portfolios\/pixel-poi\/\" target=\"_self\" class=\"icon self-link \"><\/a> <div class=\"overlay-line\"><\/div> <\/div> <\/div> <\/div> <\/div> <div class=\"caption post-14030 scalia_pf_item type-scalia_pf_item status-publish has-post-thumbnail hentry\"> <div class=\"title\"> PIXEL PO\u00cf <\/div> <\/div> <\/div> <\/div> <div class=\"portfolio-item aquatic-shows bubbles waouh-en col-lg-4 col-md-4 col-sm-6 col-xs-6 post-14014 scalia_pf_item type-scalia_pf_item status-publish has-post-thumbnail hentry\" > <div class=\"wrap clearfix\"> <div class=\"image post-14014 scalia_pf_item type-scalia_pf_item status-publish has-post-thumbnail hentry\"> <div class=\"image-inner\"> <img decoding=\"async\" src=\"https:\/\/evenement.eklabul.com\/wp-content\/uploads\/2017\/09\/AtmO2pshere-Villeneuve-24-Eklabul-Evenements1-scalia-portfolio-justified.jpg\" width=\"754\" height=\"500\" alt=\"BUBBLES ATMO2SPHERE\" title=\"\"> <\/div> <div class=\"overlay\"> <a href=\"https:\/\/evenement.eklabul.com\/en\/portfolios\/bubbles-atmo2sphere\/\" target=\"_self\" class=\"portolio-item-link self-link \"><\/a> <div class=\"links-wrapper\"> <div class=\"links\"> <a href=\"https:\/\/evenement.eklabul.com\/en\/portfolios\/bubbles-atmo2sphere\/\" target=\"_self\" class=\"icon self-link \"><\/a> <div class=\"overlay-line\"><\/div> <\/div> <\/div> <\/div> <\/div> <div class=\"caption post-14014 scalia_pf_item type-scalia_pf_item status-publish has-post-thumbnail hentry\"> <div class=\"title\"> BUBBLES ATMO2SPHERE <\/div> <\/div> <\/div> <\/div> <div class=\"portfolio-item air-acrobats waouh-en col-lg-4 col-md-4 col-sm-6 col-xs-6 post-13996 scalia_pf_item type-scalia_pf_item status-publish has-post-thumbnail hentry\" > <div class=\"wrap clearfix\"> <div class=\"image post-13996 scalia_pf_item type-scalia_pf_item status-publish has-post-thumbnail hentry\"> <div class=\"image-inner\"> <img decoding=\"async\" src=\"https:\/\/evenement.eklabul.com\/wp-content\/uploads\/2019\/02\/Lustre-champagne-a\u00e9rien-05-Eklabul-Evenements-scalia-portfolio-justified.jpg\" width=\"754\" height=\"500\" alt=\"CHAMPAGNE CHANDELIER\" title=\"\"> <\/div> <div class=\"overlay\"> <a href=\"https:\/\/evenement.eklabul.com\/en\/portfolios\/champagne-chandelier\/\" target=\"_self\" class=\"portolio-item-link self-link \"><\/a> <div class=\"links-wrapper\"> <div class=\"links\"> <a href=\"https:\/\/evenement.eklabul.com\/en\/portfolios\/champagne-chandelier\/\" target=\"_self\" class=\"icon self-link \"><\/a> <div class=\"overlay-line\"><\/div> <\/div> <\/div> <\/div> <\/div> <div class=\"caption post-13996 scalia_pf_item type-scalia_pf_item status-publish has-post-thumbnail hentry\"> <div class=\"title\"> CHAMPAGNE CHANDELIER <\/div> <\/div> <\/div> <\/div> <\/div> <div class=\"portfolio-navigator sc-pagination\"> <\/div> <\/div> <\/div> <\/div> <\/div>[\/vc_column][\/vc_row][vc_row][vc_column][vc_column_text css_animation=&#8221;top-to-bottom&#8221; el_class=&#8221;yesjustify&#8221;][\/vc_column_text][\/vc_column][\/vc_row][vc_row css=&#8221;.vc_custom_1549882924824{margin-bottom: -81px !important;}&#8221;][vc_column]<div class=\"fullwidth-block clearfix\" style=\"background-color: #f1f5f8;background-image: url(https:\/\/evenement.eklabul.com\/wp-content\/uploads\/2015\/06\/eklabul-evenement-bg-1.png);background-repeat: no-repeat; background-size: cover;background-position: center top;padding-top: 80px;padding-bottom: 80px;padding-left: 25px;padding-right: 25px;\"><div class=\"container\"><div class=\"sc-icon-with-text sc-alert-box clearfix sc-icon-with-text-icon-size-big\" style=\"\"><div class=\"sc-alert-box-image\"><img decoding=\"async\" src=\"https:\/\/evenement.eklabul.com\/wp-content\/uploads\/2014\/07\/logo-eklabul-evenements.png\" alt=\"\" title=\"\"><\/div><div class=\"sc-icon-with-text-content\">[vc_column_text css_animation=&#8221;fade&#8221;]<\/p>\n<div class=\"styled-subtitle\">Feel free to contact us if you would like more information about our exclusive and unique artistic services!<br \/>\nWith Eklabul circus is everywhere!<\/div>\n<p>[\/vc_column_text]<\/div><div class=\"sc-alert-box-button\"><a class=\"sc-button \"  href=\"https:\/\/evenement.eklabul.com\/en\/request-a-quote\/\" target=\"_self\" style=\"background-color: #ff6405;\">REQUEST A QUOTE<\/a><a class=\"sc-button \"  href=\"http:\/\/evenement.eklabul.com\/en\/contact\/\" target=\"_self\" style=\"background-color: #4c5867;\">CONTACT US<\/a><\/div><div class=\"clearboth\"><\/div><\/div><\/div><\/div>[\/vc_column][\/vc_row]<\/p>\n<\/div>","protected":false},"excerpt":{"rendered":"<p>[vc_row][vc_column width=&#8221;1\/2&#8243;][vc_column_text css_animation=&#8221;top-to-bottom&#8221; el_class=&#8221;yesjustify&#8221;] Our artistic services that make you want to say WAHOU! Are you looking to surprise your&#8230;<\/p>\n","protected":false},"author":1,"featured_media":10631,"parent":8142,"menu_order":0,"comment_status":"closed","ping_status":"closed","template":"","meta":{"footnotes":""},"class_list":["post-14109","page","type-page","status-publish","has-post-thumbnail","hentry"],"_links":{"self":[{"href":"https:\/\/evenement.eklabul.com\/en\/wp-json\/wp\/v2\/pages\/14109","targetHints":{"allow":["GET"]}}],"collection":[{"href":"https:\/\/evenement.eklabul.com\/en\/wp-json\/wp\/v2\/pages"}],"about":[{"href":"https:\/\/evenement.eklabul.com\/en\/wp-json\/wp\/v2\/types\/page"}],"author":[{"embeddable":true,"href":"https:\/\/evenement.eklabul.com\/en\/wp-json\/wp\/v2\/users\/1"}],"replies":[{"embeddable":true,"href":"https:\/\/evenement.eklabul.com\/en\/wp-json\/wp\/v2\/comments?post=14109"}],"version-history":[{"count":0,"href":"https:\/\/evenement.eklabul.com\/en\/wp-json\/wp\/v2\/pages\/14109\/revisions"}],"up":[{"embeddable":true,"href":"https:\/\/evenement.eklabul.com\/en\/wp-json\/wp\/v2\/pages\/8142"}],"wp:featuredmedia":[{"embeddable":true,"href":"https:\/\/evenement.eklabul.com\/en\/wp-json\/wp\/v2\/media\/10631"}],"wp:attachment":[{"href":"https:\/\/evenement.eklabul.com\/en\/wp-json\/wp\/v2\/media?parent=14109"}],"curies":[{"name":"wp","href":"https:\/\/api.w.org\/{rel}","templated":true}]}}